{"id":19,"date":"2020-06-10T07:29:49","date_gmt":"2020-06-10T07:29:49","guid":{"rendered":"http:\/\/pruebaspizza.masakalipizza.com\/?page_id=19"},"modified":"2024-02-09T12:16:42","modified_gmt":"2024-02-09T12:16:42","slug":"quienes-somos","status":"publish","type":"page","link":"https:\/\/masakalipizza.com\/en\/quienes-somos","title":{"rendered":"\u00bfQui\u00e9nes somos?"},"content":{"rendered":"<div data-elementor-type=\"wp-page\" data-elementor-id=\"19\" class=\"elementor elementor-19\" data-elementor-post-type=\"page\">\n\t\t\t\t\t\t<section class=\"elementor-section elementor-top-section elementor-element elementor-element-0393892 elementor-section-boxed elementor-section-height-default elementor-section-height-default\" data-id=\"0393892\" data-element_type=\"section\" data-e-type=\"section\">\n\t\t\t\t\t\t<div class=\"elementor-container elementor-column-gap-default\">\n\t\t\t\t\t<div class=\"elementor-column elementor-col-100 elementor-top-column elementor-element elementor-element-822d475\" data-id=\"822d475\" data-element_type=\"column\" data-e-type=\"column\">\n\t\t\t<div class=\"elementor-widget-wrap elementor-element-populated\">\n\t\t\t\t\t\t<div class=\"elementor-element elementor-element-d67e52a elementor-invisible elementor-widget elementor-widget-heading\" data-id=\"d67e52a\" data-element_type=\"widget\" data-e-type=\"widget\" data-settings=\"{&quot;_animation&quot;:&quot;fadeIn&quot;,&quot;_animation_delay&quot;:300}\" data-widget_type=\"heading.default\">\n\t\t\t\t<div class=\"elementor-widget-container\">\n\t\t\t\t\t<h2 class=\"elementor-heading-title elementor-size-default\">About us<\/h2>\t\t\t\t<\/div>\n\t\t\t\t<\/div>\n\t\t\t\t\t<\/div>\n\t\t<\/div>\n\t\t\t\t\t<\/div>\n\t\t<\/section>\n\t\t\t\t<section class=\"elementor-section elementor-top-section elementor-element elementor-element-f7bd634 elementor-section-boxed elementor-section-height-default elementor-section-height-default\" data-id=\"f7bd634\" data-element_type=\"section\" data-e-type=\"section\">\n\t\t\t\t\t\t<div class=\"elementor-container elementor-column-gap-default\">\n\t\t\t\t\t<div class=\"elementor-column elementor-col-100 elementor-top-column elementor-element elementor-element-496480d\" data-id=\"496480d\" data-element_type=\"column\" data-e-type=\"column\">\n\t\t\t<div class=\"elementor-widget-wrap elementor-element-populated\">\n\t\t\t\t\t\t<div class=\"elementor-element elementor-element-647debb elementor-invisible elementor-widget elementor-widget-text-editor\" data-id=\"647debb\" data-element_type=\"widget\" data-e-type=\"widget\" data-settings=\"{&quot;_animation&quot;:&quot;fadeIn&quot;,&quot;_animation_delay&quot;:500}\" data-widget_type=\"text-editor.default\">\n\t\t\t\t<div class=\"elementor-widget-container\">\n\t\t\t\t\t\t\t\t\t<p style=\"text-align: left;\">\u201cAspiring to fly high through peace and liberation\u201d, this is the meaning of the word Masakali which comes from Sanskrit. We found it to be a phonetically beautiful and catchy word, as well as its meaning, since we feel free when we can use our passion in everything we do. We can understand Masakali as \"mass-quality\", because we consider that we have a product that is made with the best raw materials that exist.\u00a0\u00a0<\/p><p>\u00a0In addition, in Masakali we stand out for our ecological character. We use glass containers for our desserts, and we have chosen to use paper bags or use special bags for our pizzas with 70% recycled plastic. The menu is also made of raw paper (kraft) and the spoons are made of corn.<\/p><p>\u00a0In short, we want to produce a high-quality product for our customers with the best raw materials without failing in our commitment to the environment.\u00a0<\/p>\t\t\t\t\t\t\t\t<\/div>\n\t\t\t\t<\/div>\n\t\t\t\t\t<\/div>\n\t\t<\/div>\n\t\t\t\t\t<\/div>\n\t\t<\/section>\n\t\t\t\t<section class=\"elementor-section elementor-top-section elementor-element elementor-element-4c9a73e elementor-section-boxed elementor-section-height-default elementor-section-height-default\" data-id=\"4c9a73e\" data-element_type=\"section\" data-e-type=\"section\">\n\t\t\t\t\t\t<div class=\"elementor-container elementor-column-gap-default\">\n\t\t\t\t\t<div class=\"elementor-column elementor-col-100 elementor-top-column elementor-element elementor-element-22806b8\" data-id=\"22806b8\" data-element_type=\"column\" data-e-type=\"column\">\n\t\t\t<div class=\"elementor-widget-wrap elementor-element-populated\">\n\t\t\t\t\t\t<div class=\"elementor-element elementor-element-6a9f940 elementor-invisible elementor-widget elementor-widget-heading\" data-id=\"6a9f940\" data-element_type=\"widget\" data-e-type=\"widget\" data-settings=\"{&quot;_animation&quot;:&quot;fadeIn&quot;,&quot;_animation_delay&quot;:300}\" data-widget_type=\"heading.default\">\n\t\t\t\t<div class=\"elementor-widget-container\">\n\t\t\t\t\t<h2 class=\"elementor-heading-title elementor-size-default\">Our store<\/h2>\t\t\t\t<\/div>\n\t\t\t\t<\/div>\n\t\t\t\t\t<\/div>\n\t\t<\/div>\n\t\t\t\t\t<\/div>\n\t\t<\/section>\n\t\t\t\t<section class=\"elementor-section elementor-top-section elementor-element elementor-element-952eff7 elementor-section-boxed elementor-section-height-default elementor-section-height-default\" data-id=\"952eff7\" data-element_type=\"section\" data-e-type=\"section\">\n\t\t\t\t\t\t<div class=\"elementor-container elementor-column-gap-default\">\n\t\t\t\t\t<div class=\"elementor-column elementor-col-100 elementor-top-column elementor-element elementor-element-36e85fe\" data-id=\"36e85fe\" data-element_type=\"column\" data-e-type=\"column\">\n\t\t\t<div class=\"elementor-widget-wrap elementor-element-populated\">\n\t\t\t\t\t\t<section class=\"elementor-section elementor-inner-section elementor-element elementor-element-2c189e6 elementor-section-boxed elementor-section-height-default elementor-section-height-default\" data-id=\"2c189e6\" data-element_type=\"section\" data-e-type=\"section\">\n\t\t\t\t\t\t<div class=\"elementor-container elementor-column-gap-default\">\n\t\t\t\t\t<div class=\"elementor-column elementor-col-50 elementor-inner-column elementor-element elementor-element-46e0889\" data-id=\"46e0889\" data-element_type=\"column\" data-e-type=\"column\">\n\t\t\t<div class=\"elementor-widget-wrap elementor-element-populated\">\n\t\t\t\t\t\t<div class=\"elementor-element elementor-element-9a40e67 elementor-arrows-position-inside elementor-pagination-position-outside elementor-widget elementor-widget-image-carousel\" data-id=\"9a40e67\" data-element_type=\"widget\" data-e-type=\"widget\" data-settings=\"{&quot;slides_to_show&quot;:&quot;1&quot;,&quot;effect&quot;:&quot;fade&quot;,&quot;navigation&quot;:&quot;both&quot;,&quot;autoplay&quot;:&quot;yes&quot;,&quot;pause_on_hover&quot;:&quot;yes&quot;,&quot;pause_on_interaction&quot;:&quot;yes&quot;,&quot;autoplay_speed&quot;:5000,&quot;infinite&quot;:&quot;yes&quot;,&quot;speed&quot;:500}\" data-widget_type=\"image-carousel.default\">\n\t\t\t\t<div class=\"elementor-widget-container\">\n\t\t\t\t\t\t\t<div class=\"elementor-image-carousel-wrapper swiper\" role=\"region\" aria-roledescription=\"carousel\" aria-label=\"Image Carousel\" dir=\"ltr\">\n\t\t\t<div class=\"elementor-image-carousel swiper-wrapper swiper-image-stretch\" aria-live=\"off\">\n\t\t\t\t\t\t\t\t<div class=\"swiper-slide\" role=\"group\" aria-roledescription=\"slide\" aria-label=\"1 of 6\" data-no-translation-aria-label=\"\"><figure class=\"swiper-slide-inner\"><img decoding=\"async\" class=\"swiper-slide-image\" src=\"https:\/\/masakalipizza.com\/wp-content\/uploads\/2020\/06\/WhatsApp-Image-2020-06-17-at-13.05.45.jpeg\" alt=\"WhatsApp Image 2020-06-17 at 13.05.45\" \/><\/figure><\/div><div class=\"swiper-slide\" role=\"group\" aria-roledescription=\"slide\" aria-label=\"2 of 6\" data-no-translation-aria-label=\"\"><figure class=\"swiper-slide-inner\"><img decoding=\"async\" class=\"swiper-slide-image\" src=\"https:\/\/masakalipizza.com\/wp-content\/uploads\/2020\/06\/WhatsApp-Image-2020-06-17-at-13.06.09.jpeg\" alt=\"WhatsApp Image 2020-06-17 at 13.06.09\" \/><\/figure><\/div><div class=\"swiper-slide\" role=\"group\" aria-roledescription=\"slide\" aria-label=\"3 of 6\" data-no-translation-aria-label=\"\"><figure class=\"swiper-slide-inner\"><img decoding=\"async\" class=\"swiper-slide-image\" src=\"https:\/\/masakalipizza.com\/wp-content\/uploads\/2020\/06\/WhatsApp-Image-2020-06-17-at-13.05.48-4.jpeg\" alt=\"WhatsApp Image 2020-06-17 at 13.05.48 (4)\" \/><\/figure><\/div><div class=\"swiper-slide\" role=\"group\" aria-roledescription=\"slide\" aria-label=\"4 of 6\" data-no-translation-aria-label=\"\"><figure class=\"swiper-slide-inner\"><img decoding=\"async\" class=\"swiper-slide-image\" src=\"https:\/\/masakalipizza.com\/wp-content\/uploads\/2020\/06\/WhatsApp-Image-2020-06-17-at-13.05.21-5.jpeg\" alt=\"WhatsApp Image 2020-06-17 at 13.05.21 (5)\" \/><\/figure><\/div><div class=\"swiper-slide\" role=\"group\" aria-roledescription=\"slide\" aria-label=\"5 of 6\" data-no-translation-aria-label=\"\"><figure class=\"swiper-slide-inner\"><img decoding=\"async\" class=\"swiper-slide-image\" src=\"https:\/\/masakalipizza.com\/wp-content\/uploads\/2020\/06\/WhatsApp-Image-2020-06-17-at-13.05.47-1.jpeg\" alt=\"WhatsApp Image 2020-06-17 at 13.05.47 (1)\" \/><\/figure><\/div><div class=\"swiper-slide\" role=\"group\" aria-roledescription=\"slide\" aria-label=\"6 of 6\" data-no-translation-aria-label=\"\"><figure class=\"swiper-slide-inner\"><img decoding=\"async\" class=\"swiper-slide-image\" src=\"https:\/\/masakalipizza.com\/wp-content\/uploads\/2020\/06\/WhatsApp-Image-2020-06-17-at-13.06.09-3.jpeg\" alt=\"WhatsApp Image 2020-06-17 at 13.06.09 (3)\" \/><\/figure><\/div>\t\t\t<\/div>\n\t\t\t\t\t\t\t\t\t\t\t\t<div class=\"elementor-swiper-button elementor-swiper-button-prev\" role=\"button\" tabindex=\"0\">\n\t\t\t\t\t\t<i aria-hidden=\"true\" class=\"eicon-chevron-left\"><\/i>\t\t\t\t\t<\/div>\n\t\t\t\t\t<div class=\"elementor-swiper-button elementor-swiper-button-next\" role=\"button\" tabindex=\"0\">\n\t\t\t\t\t\t<i aria-hidden=\"true\" class=\"eicon-chevron-right\"><\/i>\t\t\t\t\t<\/div>\n\t\t\t\t\n\t\t\t\t\t\t\t\t\t<div class=\"swiper-pagination\"><\/div>\n\t\t\t\t\t\t\t\t\t<\/div>\n\t\t\t\t\t\t<\/div>\n\t\t\t\t<\/div>\n\t\t\t\t\t<\/div>\n\t\t<\/div>\n\t\t\t\t<div class=\"elementor-column elementor-col-50 elementor-inner-column elementor-element elementor-element-f73c573\" data-id=\"f73c573\" data-element_type=\"column\" data-e-type=\"column\">\n\t\t\t<div class=\"elementor-widget-wrap elementor-element-populated\">\n\t\t\t\t\t\t<div class=\"elementor-element elementor-element-c16868d elementor-invisible elementor-widget elementor-widget-text-editor\" data-id=\"c16868d\" data-element_type=\"widget\" data-e-type=\"widget\" data-settings=\"{&quot;_animation&quot;:&quot;fadeIn&quot;,&quot;_animation_delay&quot;:500}\" data-widget_type=\"text-editor.default\">\n\t\t\t\t<div class=\"elementor-widget-container\">\n\t\t\t\t\t\t\t\t\t<p>Artisan and ecological pizzas to take away or with home delivery! Our clients will not only come for the product, but also for our excellent service. We love having a closer and friendly relationship with our customers.&nbsp;<\/p>\n<p>Los precios competitivos de nuestras pizzas tradicionales y especiales, tanto en recogida como para los env\u00edos a domicilio hacen de Masakali un sitio ideal para cenas en d\u00edas de visitas familiares, eventos deportivos o simplemente porque \u00a1te apetece!<\/p>\n<p>Situados en varios puntos de la provincia y en pleno centro de Sevilla, donde contamos con dos locales que te causar\u00e1n impresi\u00f3n por su ambiente mediterr\u00e1neo y acogedor.<\/p>\t\t\t\t\t\t\t\t<\/div>\n\t\t\t\t<\/div>\n\t\t\t\t\t<\/div>\n\t\t<\/div>\n\t\t\t\t\t<\/div>\n\t\t<\/section>\n\t\t\t\t\t<\/div>\n\t\t<\/div>\n\t\t\t\t\t<\/div>\n\t\t<\/section>\n\t\t\t\t<section class=\"elementor-section elementor-top-section elementor-element elementor-element-9954bb6 elementor-section-boxed elementor-section-height-default elementor-section-height-default\" data-id=\"9954bb6\" data-element_type=\"section\" data-e-type=\"section\">\n\t\t\t\t\t\t<div class=\"elementor-container elementor-column-gap-default\">\n\t\t\t\t\t<div class=\"elementor-column elementor-col-100 elementor-top-column elementor-element elementor-element-d042511\" data-id=\"d042511\" data-element_type=\"column\" data-e-type=\"column\">\n\t\t\t<div class=\"elementor-widget-wrap elementor-element-populated\">\n\t\t\t\t\t\t<div class=\"elementor-element elementor-element-314458f elementor-invisible elementor-widget elementor-widget-heading\" data-id=\"314458f\" data-element_type=\"widget\" data-e-type=\"widget\" data-settings=\"{&quot;_animation&quot;:&quot;fadeIn&quot;,&quot;_animation_delay&quot;:300}\" data-widget_type=\"heading.default\">\n\t\t\t\t<div class=\"elementor-widget-container\">\n\t\t\t\t\t<h2 class=\"elementor-heading-title elementor-size-default\">Our staff<\/h2>\t\t\t\t<\/div>\n\t\t\t\t<\/div>\n\t\t\t\t\t<\/div>\n\t\t<\/div>\n\t\t\t\t\t<\/div>\n\t\t<\/section>\n\t\t\t\t<section class=\"elementor-section elementor-top-section elementor-element elementor-element-b19f6d1 elementor-section-boxed elementor-section-height-default elementor-section-height-default\" data-id=\"b19f6d1\" data-element_type=\"section\" data-e-type=\"section\">\n\t\t\t\t\t\t<div class=\"elementor-container elementor-column-gap-default\">\n\t\t\t\t\t<div class=\"elementor-column elementor-col-100 elementor-top-column elementor-element elementor-element-994b611\" data-id=\"994b611\" data-element_type=\"column\" data-e-type=\"column\">\n\t\t\t<div class=\"elementor-widget-wrap elementor-element-populated\">\n\t\t\t\t\t\t<section class=\"elementor-section elementor-inner-section elementor-element elementor-element-6b2c8ec elementor-section-content-top elementor-section-boxed elementor-section-height-default elementor-section-height-default\" data-id=\"6b2c8ec\" data-element_type=\"section\" data-e-type=\"section\">\n\t\t\t\t\t\t<div class=\"elementor-container elementor-column-gap-default\">\n\t\t\t\t\t<div class=\"elementor-column elementor-col-50 elementor-inner-column elementor-element elementor-element-f240f0f\" data-id=\"f240f0f\" data-element_type=\"column\" data-e-type=\"column\">\n\t\t\t<div class=\"elementor-widget-wrap elementor-element-populated\">\n\t\t\t\t\t\t<div class=\"elementor-element elementor-element-68385c1 elementor-invisible elementor-widget elementor-widget-text-editor\" data-id=\"68385c1\" data-element_type=\"widget\" data-e-type=\"widget\" data-settings=\"{&quot;_animation&quot;:&quot;fadeIn&quot;,&quot;_animation_delay&quot;:500}\" data-widget_type=\"text-editor.default\">\n\t\t\t\t<div class=\"elementor-widget-container\">\n\t\t\t\t\t\t\t\t\t<p style=\"text-align: left;\">Our team in Masakali is made up of professionals who use all their love in the preparation of our products and who have a great desire to improve day by day in order to deliver the product to our customers. <strong>The perfect one product<\/strong>.<\/p><p>The reception team is trained in languages, knows our clients in detail and always takes care of their needs, tastes and preferences. They are great professionals adapted to new technologies, friendly and helpful. Everything to offer the best product to our customers with a big smile!<\/p><p>In the kitchen, we have professional pizza makers and assistants trained by ourselves who will always make the perfect pizza to quickly bring home the taste of authentic Italian pizza.<\/p>\t\t\t\t\t\t\t\t<\/div>\n\t\t\t\t<\/div>\n\t\t\t\t\t<\/div>\n\t\t<\/div>\n\t\t\t\t<div class=\"elementor-column elementor-col-50 elementor-inner-column elementor-element elementor-element-28ca136\" data-id=\"28ca136\" data-element_type=\"column\" data-e-type=\"column\">\n\t\t\t<div class=\"elementor-widget-wrap elementor-element-populated\">\n\t\t\t\t\t\t<div class=\"elementor-element elementor-element-a086983 elementor-widget elementor-widget-image\" data-id=\"a086983\" data-element_type=\"widget\" data-e-type=\"widget\" data-widget_type=\"image.default\">\n\t\t\t\t<div class=\"elementor-widget-container\">\n\t\t\t\t\t\t\t\t\t\t\t\t\t\t\t<img fetchpriority=\"high\" decoding=\"async\" width=\"768\" height=\"511\" src=\"https:\/\/masakalipizza.com\/wp-content\/uploads\/2021\/12\/DSC6397--768x511.jpg\" class=\"attachment-medium_large size-medium_large wp-image-1835\" alt=\"\" srcset=\"https:\/\/masakalipizza.com\/wp-content\/uploads\/2021\/12\/DSC6397--768x511.jpg 768w, https:\/\/masakalipizza.com\/wp-content\/uploads\/2021\/12\/DSC6397--300x200.jpg 300w, https:\/\/masakalipizza.com\/wp-content\/uploads\/2021\/12\/DSC6397--1024x682.jpg 1024w, https:\/\/masakalipizza.com\/wp-content\/uploads\/2021\/12\/DSC6397--1536x1022.jpg 1536w, https:\/\/masakalipizza.com\/wp-content\/uploads\/2021\/12\/DSC6397--600x399.jpg 600w, https:\/\/masakalipizza.com\/wp-content\/uploads\/2021\/12\/DSC6397-.jpg 2048w\" sizes=\"(max-width: 768px) 100vw, 768px\" \/>\t\t\t\t\t\t\t\t\t\t\t\t\t\t\t<\/div>\n\t\t\t\t<\/div>\n\t\t\t\t\t<\/div>\n\t\t<\/div>\n\t\t\t\t\t<\/div>\n\t\t<\/section>\n\t\t\t\t\t<\/div>\n\t\t<\/div>\n\t\t\t\t\t<\/div>\n\t\t<\/section>\n\t\t\t\t<\/div>","protected":false},"excerpt":{"rendered":"<p>Qui\u00e9nes somos \u00abAspirando a volar alto a trav\u00e9s de la paz y la liberaci\u00f3n\u00bb, este es el significado de la palabra Masakali que viene del s\u00e1nscrito. Nos pareci\u00f3 una palabra fon\u00e9ticamente preciosa y pegadiza, adem\u00e1s de su significado, ya que nos sentimos libre cuando podemos emplear nuestra pasi\u00f3n en todo lo que hacemos. Podemos entender [&hellip;]<\/p>\n","protected":false},"author":1,"featured_media":0,"parent":0,"menu_order":0,"comment_status":"closed","ping_status":"closed","template":"elementor_header_footer","meta":{"footnotes":""},"class_list":["post-19","page","type-page","status-publish","hentry"],"yoast_head":"<!-- This site is optimized with the Yoast SEO plugin v27.4 - https:\/\/yoast.com\/product\/yoast-seo-wordpress\/ -->\n<title>\u00bfQui\u00e9nes somos? - Masakali Pizza<\/title>\n<meta name=\"robots\" content=\"index, follow, max-snippet:-1, max-image-preview:large, max-video-preview:-1\" \/>\n<link rel=\"canonical\" href=\"https:\/\/masakalipizza.com\/en\/quienes-somos\/\" \/>\n<meta property=\"og:locale\" content=\"en_US\" \/>\n<meta property=\"og:type\" content=\"article\" \/>\n<meta property=\"og:title\" content=\"\u00bfQui\u00e9nes somos? - Masakali Pizza\" \/>\n<meta property=\"og:description\" content=\"Qui\u00e9nes somos \u00abAspirando a volar alto a trav\u00e9s de la paz y la liberaci\u00f3n\u00bb, este es el significado de la palabra Masakali que viene del s\u00e1nscrito. Nos pareci\u00f3 una palabra fon\u00e9ticamente preciosa y pegadiza, adem\u00e1s de su significado, ya que nos sentimos libre cuando podemos emplear nuestra pasi\u00f3n en todo lo que hacemos. Podemos entender [&hellip;]\" \/>\n<meta property=\"og:url\" content=\"https:\/\/masakalipizza.com\/en\/quienes-somos\/\" \/>\n<meta property=\"og:site_name\" content=\"Masakali Pizza\" \/>\n<meta property=\"article:modified_time\" content=\"2024-02-09T12:16:42+00:00\" \/>\n<meta property=\"og:image\" content=\"https:\/\/masakalipizza.com\/wp-content\/uploads\/2020\/06\/WhatsApp-Image-2020-06-17-at-13.05.45.jpeg\" \/>\n<meta name=\"twitter:card\" content=\"summary_large_image\" \/>\n<meta name=\"twitter:label1\" content=\"Est. reading time\" \/>\n\t<meta name=\"twitter:data1\" content=\"4 minutes\" \/>\n<script type=\"application\/ld+json\" class=\"yoast-schema-graph\">{\"@context\":\"https:\\\/\\\/schema.org\",\"@graph\":[{\"@type\":\"WebPage\",\"@id\":\"https:\\\/\\\/masakalipizza.com\\\/quienes-somos\",\"url\":\"https:\\\/\\\/masakalipizza.com\\\/quienes-somos\",\"name\":\"\u00bfQui\u00e9nes somos? - Masakali Pizza\",\"isPartOf\":{\"@id\":\"https:\\\/\\\/masakalipizza.com\\\/#website\"},\"primaryImageOfPage\":{\"@id\":\"https:\\\/\\\/masakalipizza.com\\\/quienes-somos#primaryimage\"},\"image\":{\"@id\":\"https:\\\/\\\/masakalipizza.com\\\/quienes-somos#primaryimage\"},\"thumbnailUrl\":\"https:\\\/\\\/masakalipizza.com\\\/wp-content\\\/uploads\\\/2020\\\/06\\\/WhatsApp-Image-2020-06-17-at-13.05.45.jpeg\",\"datePublished\":\"2020-06-10T07:29:49+00:00\",\"dateModified\":\"2024-02-09T12:16:42+00:00\",\"breadcrumb\":{\"@id\":\"https:\\\/\\\/masakalipizza.com\\\/quienes-somos#breadcrumb\"},\"inLanguage\":\"en-US\",\"potentialAction\":[{\"@type\":\"ReadAction\",\"target\":[\"https:\\\/\\\/masakalipizza.com\\\/quienes-somos\"]}]},{\"@type\":\"ImageObject\",\"inLanguage\":\"en-US\",\"@id\":\"https:\\\/\\\/masakalipizza.com\\\/quienes-somos#primaryimage\",\"url\":\"https:\\\/\\\/masakalipizza.com\\\/wp-content\\\/uploads\\\/2020\\\/06\\\/WhatsApp-Image-2020-06-17-at-13.05.45.jpeg\",\"contentUrl\":\"https:\\\/\\\/masakalipizza.com\\\/wp-content\\\/uploads\\\/2020\\\/06\\\/WhatsApp-Image-2020-06-17-at-13.05.45.jpeg\"},{\"@type\":\"BreadcrumbList\",\"@id\":\"https:\\\/\\\/masakalipizza.com\\\/quienes-somos#breadcrumb\",\"itemListElement\":[{\"@type\":\"ListItem\",\"position\":1,\"name\":\"Portada\",\"item\":\"https:\\\/\\\/masakalipizza.com\\\/\"},{\"@type\":\"ListItem\",\"position\":2,\"name\":\"\u00bfQui\u00e9nes somos?\"}]},{\"@type\":\"WebSite\",\"@id\":\"https:\\\/\\\/masakalipizza.com\\\/#website\",\"url\":\"https:\\\/\\\/masakalipizza.com\\\/\",\"name\":\"Masakali Pizza\",\"description\":\"\",\"publisher\":{\"@id\":\"https:\\\/\\\/masakalipizza.com\\\/#organization\"},\"potentialAction\":[{\"@type\":\"SearchAction\",\"target\":{\"@type\":\"EntryPoint\",\"urlTemplate\":\"https:\\\/\\\/masakalipizza.com\\\/?s={search_term_string}\"},\"query-input\":{\"@type\":\"PropertyValueSpecification\",\"valueRequired\":true,\"valueName\":\"search_term_string\"}}],\"inLanguage\":\"en-US\"},{\"@type\":\"Organization\",\"@id\":\"https:\\\/\\\/masakalipizza.com\\\/#organization\",\"name\":\"Masakali Pizza\",\"url\":\"https:\\\/\\\/masakalipizza.com\\\/\",\"logo\":{\"@type\":\"ImageObject\",\"inLanguage\":\"en-US\",\"@id\":\"https:\\\/\\\/masakalipizza.com\\\/#\\\/schema\\\/logo\\\/image\\\/\",\"url\":\"https:\\\/\\\/masakalipizza.com\\\/wp-content\\\/uploads\\\/2020\\\/06\\\/LOGO-PARA-WORDPRESS-1.png\",\"contentUrl\":\"https:\\\/\\\/masakalipizza.com\\\/wp-content\\\/uploads\\\/2020\\\/06\\\/LOGO-PARA-WORDPRESS-1.png\",\"width\":350,\"height\":100,\"caption\":\"Masakali Pizza\"},\"image\":{\"@id\":\"https:\\\/\\\/masakalipizza.com\\\/#\\\/schema\\\/logo\\\/image\\\/\"}}]}<\/script>\n<!-- \/ Yoast SEO plugin. -->","yoast_head_json":{"title":"\u00bfQui\u00e9nes somos? - Masakali Pizza","robots":{"index":"index","follow":"follow","max-snippet":"max-snippet:-1","max-image-preview":"max-image-preview:large","max-video-preview":"max-video-preview:-1"},"canonical":"https:\/\/masakalipizza.com\/en\/quienes-somos\/","og_locale":"en_US","og_type":"article","og_title":"\u00bfQui\u00e9nes somos? - Masakali Pizza","og_description":"Qui\u00e9nes somos \u00abAspirando a volar alto a trav\u00e9s de la paz y la liberaci\u00f3n\u00bb, este es el significado de la palabra Masakali que viene del s\u00e1nscrito. Nos pareci\u00f3 una palabra fon\u00e9ticamente preciosa y pegadiza, adem\u00e1s de su significado, ya que nos sentimos libre cuando podemos emplear nuestra pasi\u00f3n en todo lo que hacemos. Podemos entender [&hellip;]","og_url":"https:\/\/masakalipizza.com\/en\/quienes-somos\/","og_site_name":"Masakali Pizza","article_modified_time":"2024-02-09T12:16:42+00:00","og_image":[{"url":"https:\/\/masakalipizza.com\/wp-content\/uploads\/2020\/06\/WhatsApp-Image-2020-06-17-at-13.05.45.jpeg","type":"","width":"","height":""}],"twitter_card":"summary_large_image","twitter_misc":{"Est. reading time":"4 minutes"},"schema":{"@context":"https:\/\/schema.org","@graph":[{"@type":"WebPage","@id":"https:\/\/masakalipizza.com\/quienes-somos","url":"https:\/\/masakalipizza.com\/quienes-somos","name":"\u00bfQui\u00e9nes somos? - Masakali Pizza","isPartOf":{"@id":"https:\/\/masakalipizza.com\/#website"},"primaryImageOfPage":{"@id":"https:\/\/masakalipizza.com\/quienes-somos#primaryimage"},"image":{"@id":"https:\/\/masakalipizza.com\/quienes-somos#primaryimage"},"thumbnailUrl":"https:\/\/masakalipizza.com\/wp-content\/uploads\/2020\/06\/WhatsApp-Image-2020-06-17-at-13.05.45.jpeg","datePublished":"2020-06-10T07:29:49+00:00","dateModified":"2024-02-09T12:16:42+00:00","breadcrumb":{"@id":"https:\/\/masakalipizza.com\/quienes-somos#breadcrumb"},"inLanguage":"en-US","potentialAction":[{"@type":"ReadAction","target":["https:\/\/masakalipizza.com\/quienes-somos"]}]},{"@type":"ImageObject","inLanguage":"en-US","@id":"https:\/\/masakalipizza.com\/quienes-somos#primaryimage","url":"https:\/\/masakalipizza.com\/wp-content\/uploads\/2020\/06\/WhatsApp-Image-2020-06-17-at-13.05.45.jpeg","contentUrl":"https:\/\/masakalipizza.com\/wp-content\/uploads\/2020\/06\/WhatsApp-Image-2020-06-17-at-13.05.45.jpeg"},{"@type":"BreadcrumbList","@id":"https:\/\/masakalipizza.com\/quienes-somos#breadcrumb","itemListElement":[{"@type":"ListItem","position":1,"name":"Portada","item":"https:\/\/masakalipizza.com\/"},{"@type":"ListItem","position":2,"name":"\u00bfQui\u00e9nes somos?"}]},{"@type":"WebSite","@id":"https:\/\/masakalipizza.com\/#website","url":"https:\/\/masakalipizza.com\/","name":"Masakali Pizza","description":"","publisher":{"@id":"https:\/\/masakalipizza.com\/#organization"},"potentialAction":[{"@type":"SearchAction","target":{"@type":"EntryPoint","urlTemplate":"https:\/\/masakalipizza.com\/?s={search_term_string}"},"query-input":{"@type":"PropertyValueSpecification","valueRequired":true,"valueName":"search_term_string"}}],"inLanguage":"en-US"},{"@type":"Organization","@id":"https:\/\/masakalipizza.com\/#organization","name":"Masakali Pizza","url":"https:\/\/masakalipizza.com\/","logo":{"@type":"ImageObject","inLanguage":"en-US","@id":"https:\/\/masakalipizza.com\/#\/schema\/logo\/image\/","url":"https:\/\/masakalipizza.com\/wp-content\/uploads\/2020\/06\/LOGO-PARA-WORDPRESS-1.png","contentUrl":"https:\/\/masakalipizza.com\/wp-content\/uploads\/2020\/06\/LOGO-PARA-WORDPRESS-1.png","width":350,"height":100,"caption":"Masakali Pizza"},"image":{"@id":"https:\/\/masakalipizza.com\/#\/schema\/logo\/image\/"}}]}},"_links":{"self":[{"href":"https:\/\/masakalipizza.com\/en\/wp-json\/wp\/v2\/pages\/19","targetHints":{"allow":["GET"]}}],"collection":[{"href":"https:\/\/masakalipizza.com\/en\/wp-json\/wp\/v2\/pages"}],"about":[{"href":"https:\/\/masakalipizza.com\/en\/wp-json\/wp\/v2\/types\/page"}],"author":[{"embeddable":true,"href":"https:\/\/masakalipizza.com\/en\/wp-json\/wp\/v2\/users\/1"}],"replies":[{"embeddable":true,"href":"https:\/\/masakalipizza.com\/en\/wp-json\/wp\/v2\/comments?post=19"}],"version-history":[{"count":61,"href":"https:\/\/masakalipizza.com\/en\/wp-json\/wp\/v2\/pages\/19\/revisions"}],"predecessor-version":[{"id":3062,"href":"https:\/\/masakalipizza.com\/en\/wp-json\/wp\/v2\/pages\/19\/revisions\/3062"}],"wp:attachment":[{"href":"https:\/\/masakalipizza.com\/en\/wp-json\/wp\/v2\/media?parent=19"}],"curies":[{"name":"wp","href":"https:\/\/api.w.org\/{rel}","templated":true}]}}